{"id":8509,"date":"2018-02-26T18:07:41","date_gmt":"2018-02-26T18:07:41","guid":{"rendered":"https:\/\/www.schoolmate.eu\/prices\/"},"modified":"2025-10-17T04:22:31","modified_gmt":"2025-10-17T04:22:31","slug":"prices","status":"publish","type":"page","link":"https:\/\/www.schoolmate.eu\/es\/prices\/","title":{"rendered":"Prices"},"content":{"rendered":"<p>[vc_section el_class=\u00bbprices-page-vc-first-section\u00bb css=\u00bb.vc_custom_1744277727093{padding-top: 50px !important;padding-bottom: 0px !important;}\u00bb][vc_row el_class=\u00bbcontent_modules\u00bb css=\u00bb.vc_custom_1744284239493{padding-top: 70px !important;padding-bottom: 0px !important;}\u00bb][vc_column][vc_custom_heading text=\u00bbPrecios de SchoolMate\u00bb font_container=\u00bbtag:h1|font_size:40px|text_align:left|color:%23000000&#8243; google_fonts=\u00bbfont_family:Oswald%3A300%2Cregular%2C700|font_style:700%20bold%20regular%3A700%3Anormal\u00bb el_class=\u00bbh1-center\u00bb][vc_column_text]<\/p>\n<p style=\"text-align: center;\">SchoolMate es un sistema modular. Todos los usuarios tienen acceso a los cuatro m\u00f3dulos b\u00e1sicos. Los otros m\u00f3dulos se pueden activar y desactivar cuando quieras. Cobramos mensualmente en base al n\u00famero de estudiantes activos en tu cuenta y m\u00f3dulos utilizados. \u00a1No hay estudiantes activos, no cobramos!<\/p>\n<p>[\/vc_column_text][\/vc_column][\/vc_row][\/vc_section][vc_section full_width=\u00bb\u00bb css=\u00bb.vc_custom_1744615526842{padding-top: 0px !important;}\u00bb][vc_row full_width=\u00bb\u00bb][vc_column]<div class=\"wpb_content_element \">    <div class=\"prices\">\n        <div class=\"container\">\n            <div class=\"row\">\n                <div class=\"col-lg-10 col-lg-offset-1 col-md-12\">\n                    <div id=\"price-display\" class=\"price-display animated\">\n                        <ul>\n                            <li>\n                                <div class=\"price-box\">\n                                    <div id=\"slider-input-wrap\" class=\"price-box-number\" style=\"text-align:center;\">\n                                        <input type=\"text\" id=\"slider-input\" value=\"50\" style=\"text-align:center;\" \/>\n                                    <\/div>\n                                    <div class=\"price-box-label\"><\/div>\n                                <\/div>\n                            <\/li>\n                            <li>\n                                <div class=\"multiply\">=<\/div>\n                            <\/li>\n                            <li>\n                                <div class=\"price-box\">\n                                    <div id=\"price-student\" class=\"price-box-number\" style=\"text-align:center;\">30  <\/div>\n                                    <div class=\"price-box-label\"><\/div>\n                                <\/div>\n                            <\/li>\n                        <\/ul>\n                    <\/div>\n                <\/div>\n            <\/div>\n            <div class=\"row\">\n                <div class=\"col-lg-10 col-lg-offset-1 col-md-12\">\n                    <div id=\"alert1000\" class=\"alert alert-success\" style=\"display: none\">\n                                            <\/div>\n                    <div id=\"slider\" class=\"animated\"><\/div>\n                    <div id=\"price-modules\" class=\"animated\">\n                        <div class=\"module-list module-list-first\">\n                            <div id=\"price-selected\" class=\"price-selected\">\n                                <div class=\"price-module locked animated\" special=\"0.3\">\n                                    <div class=\"tip-wrap\">\n                                        <div class=\"tip tip-school-admin\"><span><\/span><\/div>\n                                    <\/div>\n                                  \n                                    <img decoding=\"async\" src=\"https:\/\/www.schoolmate.eu\/wp-content\/themes\/Brooklyn\/images\/calc2\/academics.png\" alt=\"\" \/>\n                                <\/div>\n                                <div class=\"price-module locked animated\" special=\"0.3\">\n                                    <div class=\"tip-wrap\">\n                                        <div class=\"tip\"><span><\/span><\/div>\n                                    <\/div>\n                                    <img decoding=\"async\" src=\"https:\/\/www.schoolmate.eu\/wp-content\/themes\/Brooklyn\/images\/calc2\/reports.png\" alt=\"\" \/>\n                                <\/div>\n                                <div class=\"price-module locked animated\" special=\"0\">\n                                        <div class=\"tip-wrap\">\n                                            <div class=\"tip\"><span><\/span><\/div>\n                                        <\/div>\n                                        <img decoding=\"async\" src=\"https:\/\/www.schoolmate.eu\/wp-content\/themes\/Brooklyn\/images\/calc2\/school_admin.png\" alt=\"\" \/>\n                                      \n                                    <\/div>\n                                    <div class=\"price-module locked animated\" special=\"0\">\n                                        <div class=\"tip-wrap\">\n                                            <div class=\"tip\"><span><\/span><\/div>\n                                        <\/div>\n                                        <img decoding=\"async\" src=\"https:\/\/www.schoolmate.eu\/wp-content\/themes\/Brooklyn\/images\/calc2\/crm.png\" alt=\"\" \/>\n                                        \n                                    <\/div>\n                            <\/div>\n                            <div id=\"chart-bracket\" class=\"bracket\">\n                                <div class=\"bracket-text\">\n                                                                    <\/div>\n                            <\/div>\n                            \n                        <\/div>\n                        <div class=\"module-list\">\n                                <div id=\"price-toselect\" class=\"price-toselect\">\n\n                                    <div id=\"finances\" class=\"price-module\" special=\"Finances\">\n                                        <div class=\"tip-wrap\">\n                                            <div class=\"tip\"><span><\/span><\/div>\n                                        <\/div>\n                                        <img decoding=\"async\" src=\"https:\/\/www.schoolmate.eu\/wp-content\/themes\/Brooklyn\/images\/calc2\/finance_off.png\" alt=\"\" \/>\n                                       \n                                    <\/div>\n                                    <div id=\"cloud\" class=\"price-module\" special=\"Cloud\">\n                                        <div class=\"tip-wrap\">\n                                            <div class=\"tip\"><span><\/span><\/div>\n                                        <\/div>\n                                        <img decoding=\"async\" class=\"c_off\" src=\"https:\/\/www.schoolmate.eu\/wp-content\/themes\/Brooklyn\/images\/calc2\/ecloud_off.png\" alt=\"\" \/>\n                                     \n                                    <\/div>\n                                    <div id=\"registration\" class=\"price-module\" special=\"Registration\">\n                                        <div class=\"tip-wrap\">\n                                            <div class=\"tip\"><span><\/span><\/div>\n                                        <\/div>\n                                        <img decoding=\"async\" class=\"r_off\" src=\"https:\/\/www.schoolmate.eu\/wp-content\/themes\/Brooklyn\/images\/calc2\/reg_off.png\" alt=\"\" \/>\n                                        \n                                    <\/div>\n                                    <div id=\"resources\" class=\"price-module\" special=\"Resources\">\n                                        <div class=\"tip-wrap\">\n                                            <div class=\"tip\"><span><\/span><\/div>\n                                        <\/div>\n                                        <img decoding=\"async\" class=\"ac_off\" src=\"https:\/\/www.schoolmate.eu\/wp-content\/themes\/Brooklyn\/images\/calc2\/res_off.png\" alt=\"\" \/>\n                                       \n                                    <\/div>\n                                    <div id=\"surveys\" class=\"price-module\" special=\"Surveys\">\n                                        <div class=\"tip-wrap\">\n                                            <div class=\"tip\"><span><\/span><\/div>\n                                        <\/div>\n                                        <img decoding=\"async\" class=\"p_off\" src=\"https:\/\/www.schoolmate.eu\/wp-content\/themes\/Brooklyn\/images\/calc2\/survey_off.png\" alt=\"\" \/>\n                                    \n                                    <\/div>\n                                    <div id=\"accommodation\" class=\"price-module\" special=\"Accommodation\">\n                                        <div class=\"tip-wrap\">\n                                            <div class=\"tip\"><span><\/span><\/div>\n                                        <\/div>\n                                        <img decoding=\"async\" class=\"rm_off\" src=\"https:\/\/www.schoolmate.eu\/wp-content\/themes\/Brooklyn\/images\/calc2\/acc_off.png\" alt=\"\" \/>\n                                       \n                                    <\/div>\n                                    <div id=\"online\" class=\"price-module\" special=\"On-Line\">\n                                        <div class=\"tip-wrap\">\n                                                                                        <div class=\"tip\"><span><\/span><\/div>\n                                        <\/div>\n                                        <img decoding=\"async\" class=\"s_off\" src=\"https:\/\/www.schoolmate.eu\/wp-content\/themes\/Brooklyn\/images\/calc2\/online_off.png\" alt=\"\" \/>\n                                       \n                                    <\/div>\n\n                                <\/div>\n                            <\/div>\n                    <\/div>\n                <\/div>\n            <\/div>\n                            <div class=\"row\">\n                    <div class=\"col-lg-10 col-lg-offset-1 col-md-12\">\n                        <img decoding=\"async\" src=\"https:\/\/www.schoolmate.eu\/wp-content\/themes\/Brooklyn-child\/images\/2024-01-14_10-14-49.png\" alt=\"\" class=\"prices-hero-bottom-image\">\n                    <\/div>\n                <\/div>\n                <div class=\"tip-wrap\">\n                                      \n                                    <\/div>\n                    <\/div>\n    <\/div>\n    <\/div>[\/vc_column][\/vc_row][\/vc_section][vc_row full_width=\u00bb\u00bb el_class=\u00bbfaq-sec\u00bb css=\u00bb.vc_custom_1744615239233{padding-right: 20px !important;padding-left: 20px !important;}\u00bb][vc_column][vc_column_text]<\/p>\n<h3 style=\"text-align: center;\"><strong>FAQs<\/strong><\/h3>\n<p>[\/vc_column_text][vc_column_text]<style>#sp-ea-10061 .spcollapsing { height: 0; overflow: hidden; transition-property: height;transition-duration: 300ms;}#sp-ea-10061.sp-easy-accordion>.sp-ea-single {margin-bottom: 10px; border: 1px solid #e2e2e2; }#sp-ea-10061.sp-easy-accordion>.sp-ea-single>.ea-header a {color: #444;}#sp-ea-10061.sp-easy-accordion>.sp-ea-single>.sp-collapse>.ea-body {background: #fff; color: #444;}#sp-ea-10061.sp-easy-accordion>.sp-ea-single {background: #eee;}#sp-ea-10061.sp-easy-accordion>.sp-ea-single>.ea-header a .ea-expand-icon { float: right; color: #444;font-size: 16px;}#sp-ea-10061.sp-easy-accordion>.sp-ea-single>.ea-header a .ea-expand-icon {margin-right: 0;}<\/style><div id=\"sp_easy_accordion-1705408768\">\n<div id=\"sp-ea-10061\" class=\"sp-ea-one sp-easy-accordion\" data-ea-active=\"ea-click\" data-ea-mode=\"vertical\" data-preloader=\"\" data-scroll-active-item=\"\" data-offset-to-scroll=\"0\">\n\n<!-- Start accordion card div. -->\n<div class=\"ea-card  sp-ea-single\">\n\t<!-- Start accordion header. -->\n\t<h3 class=\"ea-header\">\n\t\t<!-- Add anchor tag for header. -->\n\t\t<a class=\"collapsed\" id=\"ea-header-100610\" role=\"button\" data-sptoggle=\"spcollapse\" data-sptarget=\"#collapse100610\" aria-controls=\"collapse100610\" href=\"#\"  aria-expanded=\"false\" tabindex=\"0\">\n\t\t<i aria-hidden=\"true\" role=\"presentation\" class=\"ea-expand-icon eap-icon-ea-expand-plus\"><\/i> \u00bfC\u00f3mo puedo probar SchoolMate?\t\t<\/a> <!-- Close anchor tag for header. -->\n\t<\/h3>\t<!-- Close header tag. -->\n\t<!-- Start collapsible content div. -->\n\t<div class=\"sp-collapse spcollapse spcollapse\" id=\"collapse100610\" data-parent=\"#sp-ea-10061\" role=\"region\" aria-labelledby=\"ea-header-100610\">  <!-- Content div. -->\n\t\t<div class=\"ea-body\">\n\t\t<p><span style=\"font-weight: 400\">Primero, puedes contactarnos para solicitar una demostraci\u00f3n, que durar\u00e1 30-40 minutos. Si a\u00fan as\u00ed, no est\u00e1s listo para comenzar la prueba gratuita, podemos darte acceso a un entorno de pruebas. Ya que este no contiene informaci\u00f3n real, puedes probar el sistema sin compromiso.<\/span><\/p>\n\t\t<\/div> <!-- Close content div. -->\n\t<\/div> <!-- Close collapse div. -->\n<\/div> <!-- Close card div. -->\n<!-- Start accordion card div. -->\n<div class=\"ea-card  sp-ea-single\">\n\t<!-- Start accordion header. -->\n\t<h3 class=\"ea-header\">\n\t\t<!-- Add anchor tag for header. -->\n\t\t<a class=\"collapsed\" id=\"ea-header-100611\" role=\"button\" data-sptoggle=\"spcollapse\" data-sptarget=\"#collapse100611\" aria-controls=\"collapse100611\" href=\"#\"  aria-expanded=\"false\" tabindex=\"0\">\n\t\t<i aria-hidden=\"true\" role=\"presentation\" class=\"ea-expand-icon eap-icon-ea-expand-plus\"><\/i> \u00bfC\u00f3mo empiezo con la prueba gratuita y cu\u00e1nto tiempo se tarda en aprender a usar el sistema? \t\t<\/a> <!-- Close anchor tag for header. -->\n\t<\/h3>\t<!-- Close header tag. -->\n\t<!-- Start collapsible content div. -->\n\t<div class=\"sp-collapse spcollapse spcollapse\" id=\"collapse100611\" data-parent=\"#sp-ea-10061\" role=\"region\" aria-labelledby=\"ea-header-100611\">  <!-- Content div. -->\n\t\t<div class=\"ea-body\">\n\t\t<p>Una vez que decides comenzar a usar SchoolMate, te enviaremos nuestro contrato de prueba gratuito de un mes y un peque\u00f1o cuestionario para ayudarnos a crear tu cuenta, esto tomar\u00e1 de dos a tres d\u00edas. Despu\u00e9s de eso cargamos cualquier dato que desees como detalles de padres y estudiantes. Luego empezamos a capacitar a tu personal en las caracter\u00edsticas b\u00e1sicas y funciones del sistema. Normalmente, una escuela comienza a usar SchoolMate de forma semi independiente <span style=\"font-weight: 400\">al cabo de una semana<\/span>.<\/p>\n\t\t<\/div> <!-- Close content div. -->\n\t<\/div> <!-- Close collapse div. -->\n<\/div> <!-- Close card div. -->\n<!-- Start accordion card div. -->\n<div class=\"ea-card  sp-ea-single\">\n\t<!-- Start accordion header. -->\n\t<h3 class=\"ea-header\">\n\t\t<!-- Add anchor tag for header. -->\n\t\t<a class=\"collapsed\" id=\"ea-header-100612\" role=\"button\" data-sptoggle=\"spcollapse\" data-sptarget=\"#collapse100612\" aria-controls=\"collapse100612\" href=\"#\"  aria-expanded=\"false\" tabindex=\"0\">\n\t\t<i aria-hidden=\"true\" role=\"presentation\" class=\"ea-expand-icon eap-icon-ea-expand-plus\"><\/i> \u00bfQu\u00e9 sucede si no quiero adquirir el sistema transcurrido un mes la prueba gratuita? \t\t<\/a> <!-- Close anchor tag for header. -->\n\t<\/h3>\t<!-- Close header tag. -->\n\t<!-- Start collapsible content div. -->\n\t<div class=\"sp-collapse spcollapse spcollapse\" id=\"collapse100612\" data-parent=\"#sp-ea-10061\" role=\"region\" aria-labelledby=\"ea-header-100612\">  <!-- Content div. -->\n\t\t<div class=\"ea-body\">\n\t\t<p>El contrato de prueba gratuita expira <span style=\"font-weight: 400\">transcurrido un mes<\/span> un mes sin necesidad de que hagas nada. Si quieres continuar, solo <span style=\"font-weight: 400\">h\u00e1znoslo<\/span> saber.<\/p>\n\t\t<\/div> <!-- Close content div. -->\n\t<\/div> <!-- Close collapse div. -->\n<\/div> <!-- Close card div. -->\n<!-- Start accordion card div. -->\n<div class=\"ea-card  sp-ea-single\">\n\t<!-- Start accordion header. -->\n\t<h3 class=\"ea-header\">\n\t\t<!-- Add anchor tag for header. -->\n\t\t<a class=\"collapsed\" id=\"ea-header-100613\" role=\"button\" data-sptoggle=\"spcollapse\" data-sptarget=\"#collapse100613\" aria-controls=\"collapse100613\" href=\"#\"  aria-expanded=\"false\" tabindex=\"0\">\n\t\t<i aria-hidden=\"true\" role=\"presentation\" class=\"ea-expand-icon eap-icon-ea-expand-plus\"><\/i> \u00bfCu\u00e1l es la duraci\u00f3n de los contratos y cu\u00e1ndo puedo terminarlo? \t\t<\/a> <!-- Close anchor tag for header. -->\n\t<\/h3>\t<!-- Close header tag. -->\n\t<!-- Start collapsible content div. -->\n\t<div class=\"sp-collapse spcollapse spcollapse\" id=\"collapse100613\" data-parent=\"#sp-ea-10061\" role=\"region\" aria-labelledby=\"ea-header-100613\">  <!-- Content div. -->\n\t\t<div class=\"ea-body\">\n\t\t<p><span style=\"font-weight: 400\">Cobramos mensualmente de forma retroactiva por los estudiantes activos, as\u00ed que si quieres dejar de usar SchoolMate, desactiva a tus estudiantes y no tendr\u00e1s que pagar nada.<\/span><\/p>\n\t\t<\/div> <!-- Close content div. -->\n\t<\/div> <!-- Close collapse div. -->\n<\/div> <!-- Close card div. -->\n<!-- Start accordion card div. -->\n<div class=\"ea-card  sp-ea-single\">\n\t<!-- Start accordion header. -->\n\t<h3 class=\"ea-header\">\n\t\t<!-- Add anchor tag for header. -->\n\t\t<a class=\"collapsed\" id=\"ea-header-100614\" role=\"button\" data-sptoggle=\"spcollapse\" data-sptarget=\"#collapse100614\" aria-controls=\"collapse100614\" href=\"#\"  aria-expanded=\"false\" tabindex=\"0\">\n\t\t<i aria-hidden=\"true\" role=\"presentation\" class=\"ea-expand-icon eap-icon-ea-expand-plus\"><\/i> \u00bfPodemos importar a nuestros estudiantes y otros datos desde nuestro sistema actual a SchoolMate?\t\t<\/a> <!-- Close anchor tag for header. -->\n\t<\/h3>\t<!-- Close header tag. -->\n\t<!-- Start collapsible content div. -->\n\t<div class=\"sp-collapse spcollapse spcollapse\" id=\"collapse100614\" data-parent=\"#sp-ea-10061\" role=\"region\" aria-labelledby=\"ea-header-100614\">  <!-- Content div. -->\n\t\t<div class=\"ea-body\">\n\t\t<p>Si. Te daremos planillas de Excel para que copies tus datos all\u00ed y los cargues a tu cuenta escolar SchoolMate de forma gratuita.<\/p>\n\t\t<\/div> <!-- Close content div. -->\n\t<\/div> <!-- Close collapse div. -->\n<\/div> <!-- Close card div. -->\n<!-- Start accordion card div. -->\n<div class=\"ea-card  sp-ea-single\">\n\t<!-- Start accordion header. -->\n\t<h3 class=\"ea-header\">\n\t\t<!-- Add anchor tag for header. -->\n\t\t<a class=\"collapsed\" id=\"ea-header-100615\" role=\"button\" data-sptoggle=\"spcollapse\" data-sptarget=\"#collapse100615\" aria-controls=\"collapse100615\" href=\"#\"  aria-expanded=\"false\" tabindex=\"0\">\n\t\t<i aria-hidden=\"true\" role=\"presentation\" class=\"ea-expand-icon eap-icon-ea-expand-plus\"><\/i> \u00bfOfreces capacitaci\u00f3n y soporte y cu\u00e1nto cuesta? \t\t<\/a> <!-- Close anchor tag for header. -->\n\t<\/h3>\t<!-- Close header tag. -->\n\t<!-- Start collapsible content div. -->\n\t<div class=\"sp-collapse spcollapse spcollapse\" id=\"collapse100615\" data-parent=\"#sp-ea-10061\" role=\"region\" aria-labelledby=\"ea-header-100615\">  <!-- Content div. -->\n\t\t<div class=\"ea-body\">\n\t\t<p><span style=\"font-weight: 400\">Ofrecemos formaci\u00f3n y soporte sin coste a trav\u00e9s de Zoom, Skype, etc., durante el tiempo y la frecuencia que necesites.<\/span><\/p>\n\t\t<\/div> <!-- Close content div. -->\n\t<\/div> <!-- Close collapse div. -->\n<\/div> <!-- Close card div. -->\n<\/div>\n<\/div>\n[\/vc_column_text][\/vc_column][\/vc_row]<\/p>\n","protected":false},"excerpt":{"rendered":"<p>[vc_section el_class=\u00bbprices-page-vc-first-section\u00bb css=\u00bb.vc_custom_1744277727093{padding-top: 50px !important;padding-bottom: 0px !important;}\u00bb][vc_row el_class=\u00bbcontent_modules\u00bb css=\u00bb.vc_custom_1744284239493{padding-top: 70px !important;padding-bottom: 0px !important;}\u00bb][vc_column][vc_custom_heading text=\u00bbPrecios de SchoolMate\u00bb font_container=\u00bbtag:h1|font_size:40px|text_align:left|color:%23000000&#8243; google_fonts=\u00bbfont_family:Oswald%3A300%2Cregular%2C700|font_style:700%20bold%20regular%3A700%3Anormal\u00bb el_class=\u00bbh1-center\u00bb][vc_column_text] SchoolMate es un sistema modular. Todos los usuarios tienen acceso a los cuatro m\u00f3dulos b\u00e1sicos. Los otros m\u00f3dulos se pueden activar y desactivar cuando quieras. Cobramos mensualmente en base al n\u00famero de estudiantes activos en tu [&hellip;]<\/p>\n","protected":false},"author":2,"featured_media":0,"parent":0,"menu_order":0,"comment_status":"closed","ping_status":"closed","template":"templates\/template-calc2.php","meta":{"_acf_changed":false,"_sitemap_exclude":false,"_sitemap_priority":"","_sitemap_frequency":"","two_page_speed":[],"footnotes":""},"class_list":["post-8509","page","type-page","status-publish","hentry"],"acf":[],"_links":{"self":[{"href":"https:\/\/www.schoolmate.eu\/es\/wp-json\/wp\/v2\/pages\/8509","targetHints":{"allow":["GET"]}}],"collection":[{"href":"https:\/\/www.schoolmate.eu\/es\/wp-json\/wp\/v2\/pages"}],"about":[{"href":"https:\/\/www.schoolmate.eu\/es\/wp-json\/wp\/v2\/types\/page"}],"author":[{"embeddable":true,"href":"https:\/\/www.schoolmate.eu\/es\/wp-json\/wp\/v2\/users\/2"}],"replies":[{"embeddable":true,"href":"https:\/\/www.schoolmate.eu\/es\/wp-json\/wp\/v2\/comments?post=8509"}],"version-history":[{"count":0,"href":"https:\/\/www.schoolmate.eu\/es\/wp-json\/wp\/v2\/pages\/8509\/revisions"}],"wp:attachment":[{"href":"https:\/\/www.schoolmate.eu\/es\/wp-json\/wp\/v2\/media?parent=8509"}],"curies":[{"name":"wp","href":"https:\/\/api.w.org\/{rel}","templated":true}]}}