{"id":8530,"date":"2018-06-26T07:13:08","date_gmt":"2018-06-26T07:13:08","guid":{"rendered":"https:\/\/www.schoolmate.eu\/try-for-free\/"},"modified":"2025-10-08T12:24:45","modified_gmt":"2025-10-08T12:24:45","slug":"try-for-free","status":"publish","type":"page","link":"https:\/\/www.schoolmate.eu\/es\/try-for-free\/","title":{"rendered":"Ponerlo a prueba"},"content":{"rendered":"<p>[vc_row background_position=\u00bbcenter center\u00bb background_attachment=\u00bbscroll\u00bb el_id=\u00bbfree-trial-page\u00bb][vc_column][vc_column_text]<\/p>\n<p style=\"text-align: center;\">Si est\u00e1 interesado en tener una demostraci\u00f3n, acceder al centro de prueba o comenzar una prueba gratuita, solo d\u00e9janos saber.<\/p>\n<p>[\/vc_column_text]\n<div class=\"wpcf7 no-js\" id=\"wpcf7-f8532-o1\" lang=\"en-US\" dir=\"ltr\" data-wpcf7-id=\"8532\">\n<div class=\"screen-reader-response\"><p role=\"status\" aria-live=\"polite\" aria-atomic=\"true\"><\/p> <ul><\/ul><\/div>\n<form action=\"\/es\/wp-json\/wp\/v2\/pages\/8530#wpcf7-f8532-o1\" method=\"post\" class=\"wpcf7-form init\" aria-label=\"Contact form\" novalidate=\"novalidate\" data-status=\"init\">\n<fieldset class=\"hidden-fields-container\"><input type=\"hidden\" name=\"_wpcf7\" value=\"8532\" \/><input type=\"hidden\" name=\"_wpcf7_version\" value=\"6.1.2\" \/><input type=\"hidden\" name=\"_wpcf7_locale\" value=\"en_US\" \/><input type=\"hidden\" name=\"_wpcf7_unit_tag\" value=\"wpcf7-f8532-o1\" \/><input type=\"hidden\" name=\"_wpcf7_container_post\" value=\"0\" \/><input type=\"hidden\" name=\"_wpcf7_posted_data_hash\" value=\"\" \/>\n<\/fieldset>\n<div class=\"form-row\">\n\t<p><label> NOMBRE DE LA ESCUELA <span class=\"required\">*<\/span><\/label>\n\t<\/p>\n\t<div class=\"input-wrap\">\n\t\t<p><span class=\"wpcf7-form-control-wrap\" data-name=\"school-name\"><input size=\"40\" maxlength=\"400\" class=\"wpcf7-form-control wpcf7-text wpcf7-validates-as-required\" aria-required=\"true\" aria-invalid=\"false\" value=\"\" type=\"text\" name=\"school-name\" \/><\/span>\n\t\t<\/p>\n\t<\/div>\n<\/div>\n<div class=\"form-row\">\n\t<p><label> CIUDAD <span class=\"required\">*<\/span><\/label>\n\t<\/p>\n\t<div class=\"input-wrap\">\n\t\t<p><span class=\"wpcf7-form-control-wrap\" data-name=\"city\"><input size=\"40\" maxlength=\"400\" class=\"wpcf7-form-control wpcf7-text wpcf7-validates-as-required\" aria-required=\"true\" aria-invalid=\"false\" value=\"\" type=\"text\" name=\"city\" \/><\/span>\n\t\t<\/p>\n\t<\/div>\n<\/div>\n<div class=\"form-row\">\n\t<p><label> NOMBRE Y APELLIDO <span class=\"required\">*<\/span><\/label>\n\t<\/p>\n\t<div class=\"input-wrap\">\n\t\t<p><span class=\"wpcf7-form-control-wrap\" data-name=\"name-surname\"><input size=\"40\" maxlength=\"400\" class=\"wpcf7-form-control wpcf7-text wpcf7-validates-as-required\" aria-required=\"true\" aria-invalid=\"false\" value=\"\" type=\"text\" name=\"name-surname\" \/><\/span>\n\t\t<\/p>\n\t<\/div>\n<\/div>\n<div class=\"form-row\">\n\t<p><label> CORREO ELECTR\u00d3NICO <span class=\"required\">*<\/span><\/label>\n\t<\/p>\n\t<div class=\"input-wrap\">\n\t\t<p><span class=\"wpcf7-form-control-wrap\" data-name=\"your-email\"><input size=\"40\" maxlength=\"400\" class=\"wpcf7-form-control wpcf7-email wpcf7-validates-as-required wpcf7-text wpcf7-validates-as-email\" aria-required=\"true\" aria-invalid=\"false\" value=\"\" type=\"email\" name=\"your-email\" \/><\/span>\n\t\t<\/p>\n\t<\/div>\n<\/div>\n<div class=\"form-row\">\n\t<p><label> N\u00daMERO DE TEL\u00c9FONO <span class=\"required\">*<\/span><\/label>\n\t<\/p>\n\t<div class=\"input-wrap\">\n\t\t<p><span class=\"wpcf7-form-control-wrap\" data-name=\"tel-496\"><input size=\"40\" maxlength=\"400\" class=\"wpcf7-form-control wpcf7-tel wpcf7-validates-as-required wpcf7-text wpcf7-validates-as-tel\" aria-required=\"true\" aria-invalid=\"false\" value=\"\" type=\"tel\" name=\"tel-496\" \/><\/span>\n\t\t<\/p>\n\t<\/div>\n<\/div>\n<div class=\"form-row\">\n\t<p><label> TEMA <\/label>\n\t<\/p>\n\t<div class=\"input-wrap\">\n\t\t<p><span class=\"wpcf7-form-control-wrap\" data-name=\"your-subject\"><input size=\"40\" maxlength=\"400\" class=\"wpcf7-form-control wpcf7-text\" aria-invalid=\"false\" value=\"\" type=\"text\" name=\"your-subject\" \/><\/span>\n\t\t<\/p>\n\t<\/div>\n<\/div>\n<div class=\"form-row\">\n\t<p><label> MENSAJE <\/label>\n\t<\/p>\n\t<div class=\"input-wrap\">\n\t\t<p><span class=\"wpcf7-form-control-wrap\" data-name=\"your-message\"><textarea cols=\"40\" rows=\"10\" maxlength=\"2000\" class=\"wpcf7-form-control wpcf7-textarea\" aria-invalid=\"false\" name=\"your-message\"><\/textarea><\/span>\n\t\t<\/p>\n\t<\/div>\n<\/div>\n<p><input class=\"wpcf7-form-control wpcf7-submit has-spinner\" type=\"submit\" value=\"Enviar\" \/>\n<\/p><div class=\"wpcf7-response-output\" aria-hidden=\"true\"><\/div>\n<\/form>\n<\/div>\n[\/vc_column][\/vc_row]<\/p>\n","protected":false},"excerpt":{"rendered":"<p>[vc_row background_position=\u00bbcenter center\u00bb background_attachment=\u00bbscroll\u00bb el_id=\u00bbfree-trial-page\u00bb][vc_column][vc_column_text] Si est\u00e1 interesado en tener una demostraci\u00f3n, acceder al centro de prueba o comenzar una prueba gratuita, solo d\u00e9janos saber. [\/vc_column_text][\/vc_column][\/vc_row]<\/p>\n","protected":false},"author":4,"featured_media":8531,"parent":0,"menu_order":0,"comment_status":"closed","ping_status":"closed","template":"","meta":{"_acf_changed":false,"_sitemap_exclude":false,"_sitemap_priority":"","_sitemap_frequency":"","two_page_speed":[],"footnotes":""},"class_list":["post-8530","page","type-page","status-publish","has-post-thumbnail","hentry"],"acf":[],"_links":{"self":[{"href":"https:\/\/www.schoolmate.eu\/es\/wp-json\/wp\/v2\/pages\/8530","targetHints":{"allow":["GET"]}}],"collection":[{"href":"https:\/\/www.schoolmate.eu\/es\/wp-json\/wp\/v2\/pages"}],"about":[{"href":"https:\/\/www.schoolmate.eu\/es\/wp-json\/wp\/v2\/types\/page"}],"author":[{"embeddable":true,"href":"https:\/\/www.schoolmate.eu\/es\/wp-json\/wp\/v2\/users\/4"}],"replies":[{"embeddable":true,"href":"https:\/\/www.schoolmate.eu\/es\/wp-json\/wp\/v2\/comments?post=8530"}],"version-history":[{"count":0,"href":"https:\/\/www.schoolmate.eu\/es\/wp-json\/wp\/v2\/pages\/8530\/revisions"}],"wp:featuredmedia":[{"embeddable":true,"href":"https:\/\/www.schoolmate.eu\/es\/wp-json\/wp\/v2\/media\/8531"}],"wp:attachment":[{"href":"https:\/\/www.schoolmate.eu\/es\/wp-json\/wp\/v2\/media?parent=8530"}],"curies":[{"name":"wp","href":"https:\/\/api.w.org\/{rel}","templated":true}]}}